{"id":16,"date":"2022-07-21T03:37:23","date_gmt":"2022-07-21T03:37:23","guid":{"rendered":"http:\/\/gustodereyes.cl\/?page_id=16"},"modified":"2022-09-05T22:54:50","modified_gmt":"2022-09-05T22:54:50","slug":"quienes-somos","status":"publish","type":"page","link":"http:\/\/www.gustodereyes.cl\/?page_id=16","title":{"rendered":"Quienes Somos"},"content":{"rendered":"<p>F\u00e1brica de helados \u201cGusto de Reyes\u201d, es una empresa familiar chilena que empez\u00f3 sus operaciones en el pueblo de Licant\u00e9n en el a\u00f1o 2020, destacando en el mercado del helado por su gran innovaci\u00f3n, su amplia variedad de sabores y la excelente calidad de insumos y aromas; muchos de ellos importados desde Italia sumado a las frutas del Maule.<\/p>\n<p>Todo comienza en la casa nuestro padre Luis Reyes (chetato) en Licant\u00e9n, en su hogar nos motivaba a emprender y so\u00f1ar. Nos reun\u00edamos para mezclar diferentes ingredientes de la zona con frutas frescas para hacer helados. De estas pruebas comenzaron a salir las mejores recetas de helados artesanales. Nuestros primeros clientes fueron nuestras familias y amigos quienes nos ayudaban a mejorar nuestras recetas, todo esto se traduce en lo que actualmente somos hoy junto a nuestra l\u00ednea completa y gran variedad de sabores.<\/p>\n<p>Nuestro Equipo:<\/p>\n<ul>\n<li>Marcela Vidal &#8211; Chef de helados.<\/li>\n<li>Claudia Mansilla &#8211; Desarrollo de nuevos productos.<\/li>\n<li>Marcelo Reyes &#8211; CEO F\u00e1brica de helados.<\/li>\n<\/ul>\n<style>\/*! elementor - v3.7.4 - 31-08-2022 *\/\n.elementor-widget-image{text-align:center}.elementor-widget-image a{display:inline-block}.elementor-widget-image a img[src$=\".svg\"]{width:48px}.elementor-widget-image img{vertical-align:middle;display:inline-block}<\/style>\n<p>\t\t\t\t\t\t\t\t\t\t\t\t<img decoding=\"async\" width=\"300\" height=\"300\" src=\"http:\/\/gustodereyes.cl\/wp-content\/uploads\/2022\/08\/FABRICA_DE_HELADOS_VERSION01-300x300.png\" alt=\"\" loading=\"lazy\" srcset=\"http:\/\/gustodereyes.cl\/wp-content\/uploads\/2022\/08\/FABRICA_DE_HELADOS_VERSION01-300x300.png 300w, http:\/\/gustodereyes.cl\/wp-content\/uploads\/2022\/08\/FABRICA_DE_HELADOS_VERSION01-1024x1024.png 1024w, http:\/\/gustodereyes.cl\/wp-content\/uploads\/2022\/08\/FABRICA_DE_HELADOS_VERSION01-150x150.png 150w, http:\/\/gustodereyes.cl\/wp-content\/uploads\/2022\/08\/FABRICA_DE_HELADOS_VERSION01-768x768.png 768w, http:\/\/gustodereyes.cl\/wp-content\/uploads\/2022\/08\/FABRICA_DE_HELADOS_VERSION01-1536x1536.png 1536w, http:\/\/gustodereyes.cl\/wp-content\/uploads\/2022\/08\/FABRICA_DE_HELADOS_VERSION01.png 2000w\" sizes=\"auto, (max-width: 300px) 100vw, 300px\" \/><\/p>\n","protected":false},"excerpt":{"rendered":"<p>F\u00e1brica de helados \u201cGusto de Reyes\u201d, es una empresa familiar chilena que empez\u00f3 sus operaciones en el pueblo de Licant\u00e9n en el a\u00f1o 2020, destacando en el mercado del helado por su gran innovaci\u00f3n, su amplia variedad de sabores y la excelente calidad de insumos y aromas; muchos de ellos importados desde Italia sumado a [&hellip;]<\/p>\n","protected":false},"author":1,"featured_media":0,"parent":0,"menu_order":0,"comment_status":"closed","ping_status":"closed","template":"","meta":{"footnotes":""},"class_list":["post-16","page","type-page","status-publish","hentry"],"_links":{"self":[{"href":"http:\/\/www.gustodereyes.cl\/index.php?rest_route=\/wp\/v2\/pages\/16","targetHints":{"allow":["GET"]}}],"collection":[{"href":"http:\/\/www.gustodereyes.cl\/index.php?rest_route=\/wp\/v2\/pages"}],"about":[{"href":"http:\/\/www.gustodereyes.cl\/index.php?rest_route=\/wp\/v2\/types\/page"}],"author":[{"embeddable":true,"href":"http:\/\/www.gustodereyes.cl\/index.php?rest_route=\/wp\/v2\/users\/1"}],"replies":[{"embeddable":true,"href":"http:\/\/www.gustodereyes.cl\/index.php?rest_route=%2Fwp%2Fv2%2Fcomments&post=16"}],"version-history":[{"count":49,"href":"http:\/\/www.gustodereyes.cl\/index.php?rest_route=\/wp\/v2\/pages\/16\/revisions"}],"predecessor-version":[{"id":258,"href":"http:\/\/www.gustodereyes.cl\/index.php?rest_route=\/wp\/v2\/pages\/16\/revisions\/258"}],"wp:attachment":[{"href":"http:\/\/www.gustodereyes.cl\/index.php?rest_route=%2Fwp%2Fv2%2Fmedia&parent=16"}],"curies":[{"name":"wp","href":"https:\/\/api.w.org\/{rel}","templated":true}]}}